{"id":11,"date":"2024-03-29T09:15:32","date_gmt":"2024-03-29T08:15:32","guid":{"rendered":"https:\/\/auventdesrencontres.fr\/?page_id=11"},"modified":"2024-03-29T09:15:32","modified_gmt":"2024-03-29T08:15:32","slug":"questions-frequentes","status":"publish","type":"page","link":"https:\/\/auventdesrencontres.fr\/index.php\/questions-frequentes\/","title":{"rendered":"Questions fr\u00e9quentes"},"content":{"rendered":"\n<h5 class=\"wp-block-heading\">QUEL EST LE BUT D\u2019AU VENT DES RENCONTRES ?<\/h5>\n\n\n\n<ul class=\"wp-block-list\">\n<li>Depuis Vatican II, la red\u00e9couverte de l\u2019\u00c9glise et de sa matrice juive est un enjeu capital. Pourtant, peu de chr\u00e9tiens, encore actuellement, en mesurent la port\u00e9e. En effet, la r\u00e9flexion et la recherche sont en cours \u00e0 ce sujet, et encore peu diffus\u00e9s, notamment dans la pr\u00e9dication;&nbsp;elles ne touchent pour le moment qu\u2019un public chr\u00e9tien tr\u00e8s cultiv\u00e9.<\/li>\n\n\n\n<li>C\u2019est pourquoi nous&nbsp;proposons&nbsp;\u00e0&nbsp;ces&nbsp;chr\u00e9tiens, pratiquants ou&nbsp;non, rattach\u00e9s ou non \u00e0 leurs structures eccl\u00e9siales d\u2019origine, des occasions d\u2019approcher la&nbsp;r\u00e9alit\u00e9&nbsp;juive&nbsp;contemporaine, de rencontrer des communaut\u00e9s et des personnes juives, et&nbsp;de formuler avec d\u2019autres chr\u00e9tiens l\u2019\u00e9cho que cela trouve en&nbsp;eux. Nous esp\u00e9rons que ces contacts avec le peuple juif qui&nbsp;vit \u00e0&nbsp;Paris contribuent \u00e0&nbsp;\u00e9clairer leur identit\u00e9 chr\u00e9tienne, et&nbsp;plus largement leur qu\u00eate spirituelle<\/li>\n<\/ul>\n\n\n\n<h5 class=\"wp-block-heading\">COMMENT FONCTIONNEZ-VOUS&nbsp;?<\/h5>\n\n\n\n<ul class=\"wp-block-list\">\n<li>En premier lieu, il ne s\u2019agit pas d\u2019une d\u00e9couverte&nbsp;avec le juda\u00efsme seulement intellectuelle, et&nbsp;encore moins \u00ab&nbsp;touristique&nbsp;\u00bb, mais&nbsp;d\u2019une exp\u00e9rience d\u2019amiti\u00e9 qui&nbsp;g\u00e9n\u00e8re et qui porte la&nbsp;recherche des&nbsp;personnes, dans&nbsp;laquelle&nbsp;la dimension intellectuelle&nbsp;est&nbsp;bien&nbsp;s\u00fbr capitale.<\/li>\n\n\n\n<li>De mani\u00e8re concr\u00e8te, nous constituons des groupes de tr\u00e8s petite taille, et portons une grande attention aux aspects humains qui peuvent favoriser des rencontres qui touchent les c\u0153urs autant que les esprits, et&nbsp;qui&nbsp;rejoignent&nbsp;les&nbsp;aspirations&nbsp;de&nbsp;fond des&nbsp;participants.<\/li>\n\n\n\n<li>Il n\u2019est donc pas n\u00e9cessaire d\u2019avoir des connaissances pr\u00e9alables sur le juda\u00efsme pour participer \u00e0 nos \u00e9v\u00e8nements.<\/li>\n<\/ul>\n\n\n\n<p>Proposez-vous des formations\u00a0? Des cours d\u2019H\u00e9breu\u00a0?<\/p>\n\n\n\n<ul class=\"wp-block-list\">\n<li>Non. Des organismes le proposent d\u00e9j\u00e0 (comme le Centre Chr\u00e9tien d\u2019\u00c9tudes Juives au Coll\u00e8ge des Bernardins, pour la formation, ou le centre communautaire de Paris du c\u00f4t\u00e9 juif). Nous pouvons vous aider \u00e0 trouver les formations qui vous conviendraient.<\/li>\n<\/ul>\n\n\n\n<h5 class=\"wp-block-heading\">FAUT-IL \u00caTRE CHR\u00c9TIEN OU JUIF POUR FAIRE PARTIE DE L\u2019ASSOCIATION&nbsp;?<\/h5>\n\n\n\n<ul class=\"wp-block-list\">\n<li>Absolument pas. Si nous comptons bien des juifs et des catholiques dans l\u2019association, nous avons aussi des membres qui ne croient pas en Dieu. L\u2019association est ouverte \u00e0 ceux qui veulent mieux conna\u00eetre le monde juif et le juda\u00efsme.<\/li>\n<\/ul>\n\n\n\n<h5 class=\"wp-block-heading\">DOIT-ON ADH\u00c9RER \u00c0 L\u2019ASSOCIATION POUR PARTICIPER AUX \u00c9V\u00c8NEMENTS&nbsp;?<\/h5>\n\n\n\n<ul class=\"wp-block-list\">\n<li>L\u2019adh\u00e9sion \u00e0 l\u2019association permet de participer \u00e0 des \u00e9v\u00e8nements \u00e0 des tarifs r\u00e9duits.et d\u2019assurer le d\u00e9veloppement des diff\u00e9rentes activit\u00e9s de l\u2019association. Vous pouvez, bien entendu, participer \u00e0 un premier \u00e9v\u00e8nement sans y \u00eatre membre.<\/li>\n<\/ul>\n\n\n\n<h5 class=\"wp-block-heading\">QUELLES RELATIONS AVEZ-VOUS AVEC L\u2019AMBASSADE D\u2019ISRA\u00cbL&nbsp;? AVEC L\u2019\u00c9GLISE&nbsp;?<\/h5>\n\n\n\n<ul class=\"wp-block-list\">\n<li>Dans le cadre des activit\u00e9s de l\u2019association, nous pouvons \u00eatre en lien avec la Direction des Relations publiques de l\u2019Ambassade d\u2019Isra\u00ebl mais nous n\u2019en d\u00e9pendons pas. Avec l\u2019Eglise, nous avons divers types de relations. En particulier, nous proposons r\u00e9guli\u00e8rement aux cur\u00e9s des paroisses parisiennes des activit\u00e9s pour leurs paroissiens mais l\u2019association n\u2019est pas confessionnelle.<\/li>\n<\/ul>\n","protected":false},"excerpt":{"rendered":"<p>QUEL EST LE BUT D\u2019AU VENT DES RENCONTRES ? COMMENT FONCTIONNEZ-VOUS&nbsp;? Proposez-vous des formations\u00a0? Des cours d\u2019H\u00e9breu\u00a0? FAUT-IL \u00caTRE CHR\u00c9TIEN OU JUIF POUR FAIRE PARTIE DE L\u2019ASSOCIATION&nbsp;? DOIT-ON ADH\u00c9RER \u00c0 L\u2019ASSOCIATION POUR PARTICIPER AUX \u00c9V\u00c8NEMENTS&nbsp;? QUELLES RELATIONS AVEZ-VOUS AVEC L\u2019AMBASSADE D\u2019ISRA\u00cbL&nbsp;? AVEC L\u2019\u00c9GLISE&nbsp;?<\/p>\n","protected":false},"author":2,"featured_media":0,"parent":0,"menu_order":0,"comment_status":"closed","ping_status":"closed","template":"","meta":{"footnotes":""},"class_list":["post-11","page","type-page","status-publish","hentry"],"_links":{"self":[{"href":"https:\/\/auventdesrencontres.fr\/index.php\/wp-json\/wp\/v2\/pages\/11","targetHints":{"allow":["GET"]}}],"collection":[{"href":"https:\/\/auventdesrencontres.fr\/index.php\/wp-json\/wp\/v2\/pages"}],"about":[{"href":"https:\/\/auventdesrencontres.fr\/index.php\/wp-json\/wp\/v2\/types\/page"}],"author":[{"embeddable":true,"href":"https:\/\/auventdesrencontres.fr\/index.php\/wp-json\/wp\/v2\/users\/2"}],"replies":[{"embeddable":true,"href":"https:\/\/auventdesrencontres.fr\/index.php\/wp-json\/wp\/v2\/comments?post=11"}],"version-history":[{"count":1,"href":"https:\/\/auventdesrencontres.fr\/index.php\/wp-json\/wp\/v2\/pages\/11\/revisions"}],"predecessor-version":[{"id":12,"href":"https:\/\/auventdesrencontres.fr\/index.php\/wp-json\/wp\/v2\/pages\/11\/revisions\/12"}],"wp:attachment":[{"href":"https:\/\/auventdesrencontres.fr\/index.php\/wp-json\/wp\/v2\/media?parent=11"}],"curies":[{"name":"wp","href":"https:\/\/api.w.org\/{rel}","templated":true}]}}