{"id":2,"date":"2024-03-26T18:33:25","date_gmt":"2024-03-26T17:33:25","guid":{"rendered":"http:\/\/auventdesrencontres.fr\/?page_id=2"},"modified":"2024-03-29T09:11:43","modified_gmt":"2024-03-29T08:11:43","slug":"page-d-exemple","status":"publish","type":"page","link":"https:\/\/auventdesrencontres.fr\/index.php\/page-d-exemple\/","title":{"rendered":"Manifeste"},"content":{"rendered":"\n<p><strong>\u00ab\u00a0Le v\u00e9ritable soi ne se r\u00e9v\u00e8le que dans une relation \u00e0 l\u2019autre.\u00a0\u00bb<\/strong><\/p>\n\n\n\n<p>\u200b<\/p>\n\n\n\n<p>L\u2019association&nbsp;Au Vent des Rencontres&nbsp;se propose d\u2019organiser des rencontres pour des non-juifs chez des juifs.<\/p>\n\n\n\n<p><br>Ce n\u2019est pas\u2026\u00a0si facile, pour bien des raisons. Mais c\u2019est important, et pas seulement pour d\u2019imm\u00e9diats motifs de promotion de la paix ou de la compr\u00e9hension mutuelle. Il y a une profondeur unique, ultime, dans cette rencontre d\u2019amiti\u00e9-l\u00e0. C\u2019est notre exp\u00e9rience, que nous esp\u00e9rons partager. Cela rel\u00e8ve aussi, pour ceux d\u2019entre nous qui sont chr\u00e9tiens, de leur foi religieuse: il y a r\u00e9ellement une vocation, toujours actuelle, du peuple juif \u00e0 \u00eatre \u00ab lumi\u00e8re des nations \u00bb, comme dit la Bible. Venez voir\u2026<\/p>\n\n\n\n<p>Pour autant,&nbsp;Au Vent des Rencontres&nbsp;n\u2019est pas une association confessionnelle, ni m\u00eame une initiative de dialogue jud\u00e9o-chr\u00e9tien&nbsp;: d\u2019autres que nous y sont experts. Mais nous serons heureux d\u2019\u00e9veiller l\u2019int\u00e9r\u00eat pour ce qu\u2019ils font.<\/p>\n\n\n\n<p>Il s\u2019agit plut\u00f4t d\u2019\u00e9couter l\u2019autre. Jusqu\u2019au bout. Gratuitement. S\u2019ouvrir \u00e0 cet \u00ab&nbsp;autre&nbsp;\u00bb par excellence qu\u2019est le juif pour nous. Renoncer \u00e0 avoir des id\u00e9es sur ce qu\u2019il est, ou devrait \u00eatre, ou&nbsp; devrait faire\u2026 Laisser libre&nbsp;; \u00eatre libre\u2026<\/p>\n\n\n\n<p>Aller jusqu\u2019au bout, ou du moins le plus loin possible, pour laisser l\u2019autre se d\u00e9finir lui-m\u00eame tel qu\u2019il le souhaite. Red\u00e9finir son identit\u00e9 parce qu\u2019on accepte d\u2019\u00e9couter celle de l\u2019autre, jusqu\u2019\u00e0 en \u00eatre bless\u00e9 s\u2019il le faut, ou du moins modifi\u00e9.<\/p>\n\n\n\n<p>Recevoir de l\u2019autre. Se recevoir de l\u2019autre. Vivre de vraies rencontres. C\u2019est notre soif&nbsp;; c\u2019est notre bonheur et notre nourriture. Nous&nbsp; croyons que c\u2019est partageable au-del\u00e0 de toute fronti\u00e8re confessionnelle.<\/p>\n\n\n\n<p>Tel est le pari d<strong>\u2019Au Vent des Rencontres<\/strong>.<\/p>\n\n\n\n<p><\/p>\n","protected":false},"excerpt":{"rendered":"<p>\u00ab\u00a0Le v\u00e9ritable soi ne se r\u00e9v\u00e8le que dans une relation \u00e0 l\u2019autre.\u00a0\u00bb \u200b L\u2019association&nbsp;Au Vent des Rencontres&nbsp;se propose d\u2019organiser des rencontres pour des non-juifs chez des juifs. Ce n\u2019est pas\u2026\u00a0si facile, pour bien des raisons. Mais c\u2019est important, et pas seulement pour d\u2019imm\u00e9diats motifs de promotion de la paix ou de la compr\u00e9hension mutuelle. Il [&hellip;]<\/p>\n","protected":false},"author":1,"featured_media":0,"parent":0,"menu_order":0,"comment_status":"closed","ping_status":"open","template":"","meta":{"footnotes":""},"class_list":["post-2","page","type-page","status-publish","hentry"],"_links":{"self":[{"href":"https:\/\/auventdesrencontres.fr\/index.php\/wp-json\/wp\/v2\/pages\/2","targetHints":{"allow":["GET"]}}],"collection":[{"href":"https:\/\/auventdesrencontres.fr\/index.php\/wp-json\/wp\/v2\/pages"}],"about":[{"href":"https:\/\/auventdesrencontres.fr\/index.php\/wp-json\/wp\/v2\/types\/page"}],"author":[{"embeddable":true,"href":"https:\/\/auventdesrencontres.fr\/index.php\/wp-json\/wp\/v2\/users\/1"}],"replies":[{"embeddable":true,"href":"https:\/\/auventdesrencontres.fr\/index.php\/wp-json\/wp\/v2\/comments?post=2"}],"version-history":[{"count":3,"href":"https:\/\/auventdesrencontres.fr\/index.php\/wp-json\/wp\/v2\/pages\/2\/revisions"}],"predecessor-version":[{"id":10,"href":"https:\/\/auventdesrencontres.fr\/index.php\/wp-json\/wp\/v2\/pages\/2\/revisions\/10"}],"wp:attachment":[{"href":"https:\/\/auventdesrencontres.fr\/index.php\/wp-json\/wp\/v2\/media?parent=2"}],"curies":[{"name":"wp","href":"https:\/\/api.w.org\/{rel}","templated":true}]}}