{"id":44,"date":"2024-05-22T08:18:22","date_gmt":"2024-05-22T06:18:22","guid":{"rendered":"https:\/\/auventdesrencontres.fr\/?page_id=44"},"modified":"2024-07-25T11:29:51","modified_gmt":"2024-07-25T09:29:51","slug":"informations","status":"publish","type":"page","link":"https:\/\/auventdesrencontres.fr\/index.php\/informations\/","title":{"rendered":"Informations"},"content":{"rendered":"\n<p>\u00ab&nbsp;Au vent des rencontres&nbsp;\u00bb a pour but de faire d\u00e9couvrir et aimer le peuple juif, dans sa r\u00e9alit\u00e9 humaine et religieuse, dans son histoire et dans ses r\u00e9alit\u00e9s contemporaines.<\/p>\n\n\n\n<p>&nbsp;Une attention particuli\u00e8re est port\u00e9e au fait d\u2019ouvrir les chr\u00e9tiens (au sens large&nbsp;: les personnes de&nbsp; culture chr\u00e9tienne) aux racines juives du christianisme, dans la conscience que l\u2019identit\u00e9 chr\u00e9tienne&nbsp; se comprend plus pleinement en relation avec l\u2019identit\u00e9 juive.&nbsp;<\/p>\n\n\n\n<p>Il s\u2019agit de faire pressentir quelque chose de l\u2019identit\u00e9 juive, sous-tendue par l\u2019\u00e9lection divine. De donner \u00e0 percevoir cette \u00e9lection qui \u00ab&nbsp;n\u2019a jamais \u00e9t\u00e9 r\u00e9voqu\u00e9e&nbsp;\u00bb (Jean-Paul II).<\/p>\n\n\n\n<p>Pour autant, l\u2019association n\u2019est pas confessionnelle. Son but est de donner acc\u00e8s \u00e0 ces perspectives, non sur le mode de la th\u00e9ologie, mais sur celui de la rencontre et de l\u2019exp\u00e9rience. Son chemin est relationnel et concret. Elle d\u00e9sire s\u2019adresser \u00e0 un large public, sans n\u00e9cessit\u00e9 de culture ou de formation pr\u00e9alable.<\/p>\n\n\n\n<p>Nous proposons des d\u00e9couvertes, des voyages, des dialogues, au travers des r\u00e9alit\u00e9s juives contemporaines, par le moyen de rencontres. Pour favoriser des \u00e9changes de qualit\u00e9, nous veillons \u00e0 constituer des groupes de petite taille et un climat d\u00e9tendu.<\/p>\n\n\n\n<p>L\u2019association n\u2019a pas vocation \u00e0 prendre parti dans le conflit isra\u00e9lo-palestinien. Les participants peuvent avoir leurs opinions et les exprimer&nbsp;; mais ils ne doivent pas engager l\u2019association comme telle, et ils doivent exprimer leurs prises de position en \u00e9vitant de cr\u00e9er un climat passionnel.<\/p>\n\n\n\n<p>L\u2019association ne pourra pas \u00e9viter ces sujets sensibles, et elle ne le souhaite pas. Mais elle cherche, non \u00e0 promouvoir une opinion politique, mais \u00e0 donner \u00e0 comprendre et \u00e0 r\u00e9fl\u00e9chir.<\/p>\n\n\n\n<p>Quelques sp\u00e9cificit\u00e9s<\/p>\n\n\n\n<p><em>Nous visons un public non juif.<\/em> Les juifs ne sont pas notre cible&nbsp;: ils sont nos intervenants et\/ou nos h\u00f4tes. Nous ne sommes pas dans une d\u00e9marche de dialogue, mais dans des pr\u00e9alables au dialogue&nbsp;: susciter l\u2019int\u00e9r\u00eat et l\u2019amour&nbsp;des non-juifs envers les juifs; \u00e9veiller l\u2019\u00e9tonnement, l\u2019admiration, le questionnement. La r\u00e9ciprocit\u00e9 de la relation est bien s\u00fbr souhait\u00e9e, mais elle ne peut se r\u00e9duire \u00e0 une simple recherche de sym\u00e9trie. Nous promouvons une relation gratuite, qui laisse l\u2019autre libre de sa r\u00e9ponse, et qui de ce fait est d\u2019autant plus comblante.<\/p>\n\n\n\n<p><em>Rencontres uniquement avec les juifs<\/em>. Parce que notre lien avec eux est particulier. Nous ne faisons pas d\u2019inter-religieux.<\/p>\n\n\n\n<p><em>Pas de syncr\u00e9tisme.<\/em> Bien entendu nous ne visons pas \u00e0 convertir des juifs au christianisme. Quand aux chr\u00e9tiens, nous ne les encourageons pas \u00e0 int\u00e9grer des rites, chants ou pratiques juives dans leur pri\u00e8re chr\u00e9tienne, mais \u00e0 retrouver leur propre tradition, au contact de celle des juifs.<\/p>\n\n\n\n<p><em>Nous ne choisissons pas parmi les diverses tendances du juda\u00efsme<\/em>. Nous voulons faire d\u00e9couvrir le peuple juif dans toute sa diversit\u00e9 et ses complexit\u00e9s. C\u2019est le peuple juif tout entier qui est \u00ab&nbsp;Lumi\u00e8re des Nations&nbsp;\u00bb.<\/p>\n\n\n\n<p><em>Nous ne faisons pas l\u2019impasse sur l\u2019Etat d\u2019Isra\u00ebl<\/em>, et nous en reconnaissons la l\u00e9gitimit\u00e9.<\/p>\n","protected":false},"excerpt":{"rendered":"<p>\u00ab&nbsp;Au vent des rencontres&nbsp;\u00bb a pour but de faire d\u00e9couvrir et aimer le peuple juif, dans sa r\u00e9alit\u00e9 humaine et religieuse, dans son histoire et dans ses r\u00e9alit\u00e9s contemporaines. &nbsp;Une attention particuli\u00e8re est port\u00e9e au fait d\u2019ouvrir les chr\u00e9tiens (au sens large&nbsp;: les personnes de&nbsp; culture chr\u00e9tienne) aux racines juives du christianisme, dans la conscience [&hellip;]<\/p>\n","protected":false},"author":2,"featured_media":0,"parent":0,"menu_order":0,"comment_status":"closed","ping_status":"closed","template":"","meta":{"footnotes":""},"class_list":["post-44","page","type-page","status-publish","hentry"],"_links":{"self":[{"href":"https:\/\/auventdesrencontres.fr\/index.php\/wp-json\/wp\/v2\/pages\/44","targetHints":{"allow":["GET"]}}],"collection":[{"href":"https:\/\/auventdesrencontres.fr\/index.php\/wp-json\/wp\/v2\/pages"}],"about":[{"href":"https:\/\/auventdesrencontres.fr\/index.php\/wp-json\/wp\/v2\/types\/page"}],"author":[{"embeddable":true,"href":"https:\/\/auventdesrencontres.fr\/index.php\/wp-json\/wp\/v2\/users\/2"}],"replies":[{"embeddable":true,"href":"https:\/\/auventdesrencontres.fr\/index.php\/wp-json\/wp\/v2\/comments?post=44"}],"version-history":[{"count":5,"href":"https:\/\/auventdesrencontres.fr\/index.php\/wp-json\/wp\/v2\/pages\/44\/revisions"}],"predecessor-version":[{"id":86,"href":"https:\/\/auventdesrencontres.fr\/index.php\/wp-json\/wp\/v2\/pages\/44\/revisions\/86"}],"wp:attachment":[{"href":"https:\/\/auventdesrencontres.fr\/index.php\/wp-json\/wp\/v2\/media?parent=44"}],"curies":[{"name":"wp","href":"https:\/\/api.w.org\/{rel}","templated":true}]}}